{"id":1409,"date":"2015-09-20T16:08:52","date_gmt":"2015-09-20T14:08:52","guid":{"rendered":"http:\/\/intervalphoto\/?page_id=1409"},"modified":"2024-10-01T15:57:03","modified_gmt":"2024-10-01T13:57:03","slug":"paysages","status":"publish","type":"page","link":"https:\/\/intervalphoto.fr\/photographe-architecture-et-industrie\/paysages\/","title":{"rendered":"paysages # PORTFOLIO"},"content":{"rendered":"<h2>PAYSAGES * photographe portraits de paysages<\/h2>\n<h4>D\u00e9tails, grandes plaines, NATURE, lumi\u00e8res, \u00e9l\u00e9ments.<\/h4>\n","protected":false},"excerpt":{"rendered":"<p>PAYSAGES * photographe portraits de paysages D\u00e9tails, grandes plaines, NATURE, lumi\u00e8res, \u00e9l\u00e9ments.<\/p>\n","protected":false},"author":1,"featured_media":16819,"parent":0,"menu_order":4,"comment_status":"closed","ping_status":"closed","template":"template-gallery.php","meta":{"jetpack_post_was_ever_published":false,"footnotes":""},"class_list":["post-1409","page","type-page","status-publish","has-post-thumbnail","hentry"],"yoast_head":"<!-- This site is optimized with the Yoast SEO plugin v27.4 - https:\/\/yoast.com\/product\/yoast-seo-wordpress\/ -->\n<title>INTERVALphoto : portfolio, paysages<\/title>\n<meta name=\"description\" content=\"PAYSAGES, photographe portraits de paysages, d\u00e9tails, grandes plaines, NATURE, lumi\u00e8res, \u00e9l\u00e9ments... \u00a9INTERVALphoto\" \/>\n<meta name=\"robots\" content=\"index, follow, max-snippet:-1, max-image-preview:large, max-video-preview:-1\" \/>\n<link rel=\"canonical\" href=\"https:\/\/intervalphoto.fr\/photographe-architecture-et-industrie\/paysages\/\" \/>\n<meta property=\"og:locale\" content=\"fr_FR\" \/>\n<meta property=\"og:type\" content=\"article\" \/>\n<meta property=\"og:title\" content=\"INTERVALphoto : portfolio, paysages\" \/>\n<meta property=\"og:description\" content=\"PAYSAGES, photographe portraits de paysages, d\u00e9tails, grandes plaines, NATURE, lumi\u00e8res, \u00e9l\u00e9ments... \u00a9INTERVALphoto\" \/>\n<meta property=\"og:url\" content=\"https:\/\/intervalphoto.fr\/photographe-architecture-et-industrie\/paysages\/\" \/>\n<meta property=\"og:site_name\" content=\"INTERVALphoto\" \/>\n<meta property=\"article:publisher\" content=\"https:\/\/www.facebook.com\/intervalphoto35\/\" \/>\n<meta property=\"article:modified_time\" content=\"2024-10-01T13:57:03+00:00\" \/>\n<meta name=\"twitter:card\" content=\"summary_large_image\" \/>\n<meta name=\"twitter:image\" content=\"https:\/\/i0.wp.com\/intervalphoto.fr\/wp-content\/uploads\/2015\/09\/portfolio-paysages-404.jpg?fit=%2C&ssl=1\" \/>\n<meta name=\"twitter:site\" content=\"@intervalphoto35\" \/>\n<script type=\"application\/ld+json\" class=\"yoast-schema-graph\">{\"@context\":\"https:\\\/\\\/schema.org\",\"@graph\":[{\"@type\":\"WebPage\",\"@id\":\"https:\\\/\\\/intervalphoto.fr\\\/photographe-architecture-et-industrie\\\/paysages\\\/\",\"url\":\"https:\\\/\\\/intervalphoto.fr\\\/photographe-architecture-et-industrie\\\/paysages\\\/\",\"name\":\"INTERVALphoto : portfolio, paysages\",\"isPartOf\":{\"@id\":\"https:\\\/\\\/intervalphoto.fr\\\/photographe-architecture-et-industrie\\\/#website\"},\"primaryImageOfPage\":{\"@id\":\"https:\\\/\\\/intervalphoto.fr\\\/photographe-architecture-et-industrie\\\/paysages\\\/#primaryimage\"},\"image\":{\"@id\":\"https:\\\/\\\/intervalphoto.fr\\\/photographe-architecture-et-industrie\\\/paysages\\\/#primaryimage\"},\"thumbnailUrl\":\"https:\\\/\\\/i0.wp.com\\\/intervalphoto.fr\\\/wp-content\\\/uploads\\\/2015\\\/09\\\/portfolio-paysages-404.jpg?fit=%2C&ssl=1\",\"datePublished\":\"2015-09-20T14:08:52+00:00\",\"dateModified\":\"2024-10-01T13:57:03+00:00\",\"description\":\"PAYSAGES, photographe portraits de paysages, d\u00e9tails, grandes plaines, NATURE, lumi\u00e8res, \u00e9l\u00e9ments... \u00a9INTERVALphoto\",\"breadcrumb\":{\"@id\":\"https:\\\/\\\/intervalphoto.fr\\\/photographe-architecture-et-industrie\\\/paysages\\\/#breadcrumb\"},\"inLanguage\":\"fr-FR\",\"potentialAction\":[{\"@type\":\"ReadAction\",\"target\":[\"https:\\\/\\\/intervalphoto.fr\\\/photographe-architecture-et-industrie\\\/paysages\\\/\"]}]},{\"@type\":\"ImageObject\",\"inLanguage\":\"fr-FR\",\"@id\":\"https:\\\/\\\/intervalphoto.fr\\\/photographe-architecture-et-industrie\\\/paysages\\\/#primaryimage\",\"url\":\"https:\\\/\\\/i0.wp.com\\\/intervalphoto.fr\\\/wp-content\\\/uploads\\\/2015\\\/09\\\/portfolio-paysages-404.jpg?fit=%2C&ssl=1\",\"contentUrl\":\"https:\\\/\\\/i0.wp.com\\\/intervalphoto.fr\\\/wp-content\\\/uploads\\\/2015\\\/09\\\/portfolio-paysages-404.jpg?fit=%2C&ssl=1\",\"caption\":\"paysages \u00c2\u00a9INTERVALphoto\"},{\"@type\":\"BreadcrumbList\",\"@id\":\"https:\\\/\\\/intervalphoto.fr\\\/photographe-architecture-et-industrie\\\/paysages\\\/#breadcrumb\",\"itemListElement\":[{\"@type\":\"ListItem\",\"position\":1,\"name\":\"Accueil\",\"item\":\"https:\\\/\\\/intervalphoto.fr\\\/photographe-architecture-et-industrie\\\/\"},{\"@type\":\"ListItem\",\"position\":2,\"name\":\"paysages # PORTFOLIO\"}]},{\"@type\":\"WebSite\",\"@id\":\"https:\\\/\\\/intervalphoto.fr\\\/photographe-architecture-et-industrie\\\/#website\",\"url\":\"https:\\\/\\\/intervalphoto.fr\\\/photographe-architecture-et-industrie\\\/\",\"name\":\"INTERVALphoto\",\"description\":\"revealing...\",\"potentialAction\":[{\"@type\":\"SearchAction\",\"target\":{\"@type\":\"EntryPoint\",\"urlTemplate\":\"https:\\\/\\\/intervalphoto.fr\\\/photographe-architecture-et-industrie\\\/?s={search_term_string}\"},\"query-input\":{\"@type\":\"PropertyValueSpecification\",\"valueRequired\":true,\"valueName\":\"search_term_string\"}}],\"inLanguage\":\"fr-FR\"}]}<\/script>\n<!-- \/ Yoast SEO plugin. -->","yoast_head_json":{"title":"INTERVALphoto : portfolio, paysages","description":"PAYSAGES, photographe portraits de paysages, d\u00e9tails, grandes plaines, NATURE, lumi\u00e8res, \u00e9l\u00e9ments... \u00a9INTERVALphoto","robots":{"index":"index","follow":"follow","max-snippet":"max-snippet:-1","max-image-preview":"max-image-preview:large","max-video-preview":"max-video-preview:-1"},"canonical":"https:\/\/intervalphoto.fr\/photographe-architecture-et-industrie\/paysages\/","og_locale":"fr_FR","og_type":"article","og_title":"INTERVALphoto : portfolio, paysages","og_description":"PAYSAGES, photographe portraits de paysages, d\u00e9tails, grandes plaines, NATURE, lumi\u00e8res, \u00e9l\u00e9ments... \u00a9INTERVALphoto","og_url":"https:\/\/intervalphoto.fr\/photographe-architecture-et-industrie\/paysages\/","og_site_name":"INTERVALphoto","article_publisher":"https:\/\/www.facebook.com\/intervalphoto35\/","article_modified_time":"2024-10-01T13:57:03+00:00","twitter_card":"summary_large_image","twitter_image":"https:\/\/i0.wp.com\/intervalphoto.fr\/wp-content\/uploads\/2015\/09\/portfolio-paysages-404.jpg?fit=%2C&ssl=1","twitter_site":"@intervalphoto35","schema":{"@context":"https:\/\/schema.org","@graph":[{"@type":"WebPage","@id":"https:\/\/intervalphoto.fr\/photographe-architecture-et-industrie\/paysages\/","url":"https:\/\/intervalphoto.fr\/photographe-architecture-et-industrie\/paysages\/","name":"INTERVALphoto : portfolio, paysages","isPartOf":{"@id":"https:\/\/intervalphoto.fr\/photographe-architecture-et-industrie\/#website"},"primaryImageOfPage":{"@id":"https:\/\/intervalphoto.fr\/photographe-architecture-et-industrie\/paysages\/#primaryimage"},"image":{"@id":"https:\/\/intervalphoto.fr\/photographe-architecture-et-industrie\/paysages\/#primaryimage"},"thumbnailUrl":"https:\/\/i0.wp.com\/intervalphoto.fr\/wp-content\/uploads\/2015\/09\/portfolio-paysages-404.jpg?fit=%2C&ssl=1","datePublished":"2015-09-20T14:08:52+00:00","dateModified":"2024-10-01T13:57:03+00:00","description":"PAYSAGES, photographe portraits de paysages, d\u00e9tails, grandes plaines, NATURE, lumi\u00e8res, \u00e9l\u00e9ments... \u00a9INTERVALphoto","breadcrumb":{"@id":"https:\/\/intervalphoto.fr\/photographe-architecture-et-industrie\/paysages\/#breadcrumb"},"inLanguage":"fr-FR","potentialAction":[{"@type":"ReadAction","target":["https:\/\/intervalphoto.fr\/photographe-architecture-et-industrie\/paysages\/"]}]},{"@type":"ImageObject","inLanguage":"fr-FR","@id":"https:\/\/intervalphoto.fr\/photographe-architecture-et-industrie\/paysages\/#primaryimage","url":"https:\/\/i0.wp.com\/intervalphoto.fr\/wp-content\/uploads\/2015\/09\/portfolio-paysages-404.jpg?fit=%2C&ssl=1","contentUrl":"https:\/\/i0.wp.com\/intervalphoto.fr\/wp-content\/uploads\/2015\/09\/portfolio-paysages-404.jpg?fit=%2C&ssl=1","caption":"paysages \u00c2\u00a9INTERVALphoto"},{"@type":"BreadcrumbList","@id":"https:\/\/intervalphoto.fr\/photographe-architecture-et-industrie\/paysages\/#breadcrumb","itemListElement":[{"@type":"ListItem","position":1,"name":"Accueil","item":"https:\/\/intervalphoto.fr\/photographe-architecture-et-industrie\/"},{"@type":"ListItem","position":2,"name":"paysages # PORTFOLIO"}]},{"@type":"WebSite","@id":"https:\/\/intervalphoto.fr\/photographe-architecture-et-industrie\/#website","url":"https:\/\/intervalphoto.fr\/photographe-architecture-et-industrie\/","name":"INTERVALphoto","description":"revealing...","potentialAction":[{"@type":"SearchAction","target":{"@type":"EntryPoint","urlTemplate":"https:\/\/intervalphoto.fr\/photographe-architecture-et-industrie\/?s={search_term_string}"},"query-input":{"@type":"PropertyValueSpecification","valueRequired":true,"valueName":"search_term_string"}}],"inLanguage":"fr-FR"}]}},"jetpack_sharing_enabled":true,"jetpack_likes_enabled":true,"jetpack-related-posts":[],"_links":{"self":[{"href":"https:\/\/intervalphoto.fr\/photographe-architecture-et-industrie\/wp-json\/wp\/v2\/pages\/1409","targetHints":{"allow":["GET"]}}],"collection":[{"href":"https:\/\/intervalphoto.fr\/photographe-architecture-et-industrie\/wp-json\/wp\/v2\/pages"}],"about":[{"href":"https:\/\/intervalphoto.fr\/photographe-architecture-et-industrie\/wp-json\/wp\/v2\/types\/page"}],"author":[{"embeddable":true,"href":"https:\/\/intervalphoto.fr\/photographe-architecture-et-industrie\/wp-json\/wp\/v2\/users\/1"}],"replies":[{"embeddable":true,"href":"https:\/\/intervalphoto.fr\/photographe-architecture-et-industrie\/wp-json\/wp\/v2\/comments?post=1409"}],"version-history":[{"count":0,"href":"https:\/\/intervalphoto.fr\/photographe-architecture-et-industrie\/wp-json\/wp\/v2\/pages\/1409\/revisions"}],"wp:featuredmedia":[{"embeddable":true,"href":"https:\/\/intervalphoto.fr\/photographe-architecture-et-industrie\/wp-json\/wp\/v2\/media\/16819"}],"wp:attachment":[{"href":"https:\/\/intervalphoto.fr\/photographe-architecture-et-industrie\/wp-json\/wp\/v2\/media?parent=1409"}],"curies":[{"name":"wp","href":"https:\/\/api.w.org\/{rel}","templated":true}]}}