{"id":466,"date":"2015-09-18T10:41:08","date_gmt":"2015-09-18T08:41:08","guid":{"rendered":"http:\/\/intervalphoto\/?page_id=466"},"modified":"2024-10-01T19:43:48","modified_gmt":"2024-10-01T17:43:48","slug":"mentions-legales-interval-photo","status":"publish","type":"page","link":"https:\/\/intervalphoto.fr\/photographe-architecture-et-industrie\/mentions-legales-interval-photo\/","title":{"rendered":"Mentions l\u00e9gales, INTERVALphoto"},"content":{"rendered":"<div class=\"wpb-content-wrapper\"><p>[vc_row][vc_column][vc_row_inner][vc_column_inner width=\u00a0\u00bb1\/1&Prime;][vc_text_separator title=\u00a0\u00bbMENTIONS LEGALES\u00a0\u00bb subtitle=\u00a0\u00bbwww.intervalphoto.fr\u00a0\u00bb style=\u00a0\u00bbsmall\u00a0\u00bb][\/vc_column_inner][\/vc_row_inner][vc_column_text el_class=\u00a0\u00bbf\u00a0\u00bb]<strong>1. Pr\u00e9sentation du site :<\/strong><\/p>\n<p>Conform\u00e9ment aux dispositions des articles 6-III et 19 de la Loi n\u00b0 2004-575 du 21 juin 2004 pour la Confiance dans l&rsquo;\u00e9conomie num\u00e9rique, dite L.C.E.N., il est pr\u00e9cis\u00e9 aux utilisateurs et visiteurs du site <u>www.intervalphoto.fr<\/u> les informations suivantes :<\/p>\n<p>Statut du propri\u00e9taire : entreprise individuelle (r\u00e9gime artiste auteur, photographe affili\u00e9 \u00e0 l&rsquo;Urssaf Limousin)<br \/>\n<strong>Nom de la Soci\u00e9t\u00e9<\/strong> : Quideau Fran\u00e7ois, INTERVALphoto<br \/>\n<strong>Adresse<\/strong> :8 Pont au Roux, 35470 Bain de Bretagne<br \/>\n<strong>TEl<\/strong> : 06 04 13 59 22<br \/>\n<strong>SIRET<\/strong> : 81338295900027<br \/>\n<strong>Adresse de courrier \u00e9lectronique<\/strong> : <a href=\"mailto:contact@intervalphoto.fr\" target=\"_blank\" rel=\"noopener noreferrer\">contact@intervalphoto.fr<\/a><\/p>\n<p><strong>Le Cr\u00e9ateur du site et Responsable de la publication est<\/strong> : Quideau Fran\u00e7ois.<br \/>\nLe responsable de la publication est une personne physique.<br \/>\n<strong>Le Webmaster est<\/strong> : Quideau Fran\u00e7ois <a href=\"mailto:contact@intervalphoto.fr\">contact@intervalphoto.fr<\/a><br \/>\n<strong>L&rsquo;h\u00e9bergeur du site est<\/strong> : OVH &#8211; <a href=\"http:\/\/www.ovh.com\" target=\"_blank\" rel=\"noopener noreferrer\">http:\/\/www.ovh.com<\/a>, 2 rue Kellermann, BP 80157, 59100 Roubaix[\/vc_column_text][vc_column_text]<strong>2. Conditions g\u00e9n\u00e9rales d&rsquo;utilisation du site et des services propos\u00e9s :<\/strong><\/p>\n<p>L&rsquo;utilisation du site www.intervalphoto.fr implique l&rsquo;acceptation pleine et enti\u00e8re des conditions g\u00e9n\u00e9rales d&rsquo;utilisation d\u00e9crites ci-apr\u00e8s. Ces conditions d&rsquo;utilisation sont susceptibles d&rsquo;\u00eatre modifi\u00e9es ou compl\u00e9t\u00e9es \u00e0 tout moment, sans pr\u00e9avis, aussi les utilisateurs du site www.intervalphoto.fr sont invit\u00e9s \u00e0\u00a0 les consulter de mani\u00e8re r\u00e9guli\u00e8re.<\/p>\n<p>Le site www.intervalphoto.fr est par principe accessible aux utilisateurs 24\/24h, 7\/7j, sauf interruption, programm\u00e9e ou non, pour les besoins de sa maintenance ou cas de force majeure. En cas d&rsquo;impossibilit\u00e9 d&rsquo;acc\u00e8s au service, le propri\u00e9taire du site s&rsquo;engage \u00e0\u00a0 faire son maximum afin de r\u00e9tablir l&rsquo;acc\u00e8s au service et s&rsquo;efforcera alors de communiquer pr\u00e9alablement aux utilisateurs les dates et heures de l&rsquo;intervention. N&rsquo;\u00e9tant soumis qu&rsquo;\u00e0 une obligation de moyen, le propri\u00e9taire du site ne saurait \u00eatre tenu pour responsable de tout dommage, quelle qu&rsquo;en soit la nature, r\u00e9sultant d&rsquo;une indisponibilit\u00e9 du service.<\/p>\n<p>Le site www.intervalphoto.fr est mis \u00e0\u00a0 jour r\u00e9guli\u00e8rement par le propri\u00e9taire du site. De la m\u00eame fa\u00e7on, les mentions l\u00e9gales peuvent \u00eatre modifi\u00e9es \u00e0\u00a0 tout moment, sans pr\u00e9avis et s&rsquo;imposent \u00e0\u00a0 l&rsquo;utilisateur sans r\u00e9serve. L&rsquo;utilisateur est r\u00e9put\u00e9 les accepter sans r\u00e9serve et s&rsquo;informer r\u00e9guli\u00e8rement pour prendre connaissance des modifications.<\/p>\n<p>Le propri\u00e9taire du site se r\u00e9serve aussi le droit de c\u00e9der, transf\u00e9rer, ce sans pr\u00e9avis les droits et\/ou obligations des pr\u00e9sentes mentions l\u00e9gales. En continuant \u00e0 utiliser les Services du site www.intervalphoto.fr, l&rsquo;utilisateur reconnait accepter les modifications des conditions g\u00e9n\u00e9rales qui seraient intervenues.[\/vc_column_text][vc_column_text]<strong>3. Description des services fournis :<\/strong><\/p>\n<p>Le site www.intervalphoto.fr a pour objet de fournir une information concernant l&rsquo;ensemble des activit\u00e9s de la soci\u00e9t\u00e9.<\/p>\n<p>Le propri\u00e9taire du site s&rsquo;efforce de fournir sur le site www.intervalphoto.fr des informations aussi pr\u00e9cises que possible. Toutefois, il ne pourra \u00eatre tenu responsable des omissions, des inexactitudes et des carences dans la mise \u00e0 jour, qu&rsquo;elles soient de son fait ou du fait des tiers partenaires qui lui fournissent ces informations.<\/p>\n<p>Tous les informations propos\u00e9es sur le site www.intervalphoto.fr sont donn\u00e9es \u00e0 titre indicatif, sont non exhaustives et sont susceptibles d&rsquo;\u00e9voluer. Elles sont donn\u00e9es sous r\u00e9serve de modifications ayant \u00e9t\u00e9 apport\u00e9es depuis leur mise en ligne.[\/vc_column_text][vc_column_text]<strong>4. Limites de responsabilit\u00e9 :<\/strong><\/p>\n<p>Le site www.intervalphoto.fr utilise la technologie java script. Le propri\u00e9taire du site ne saurait \u00eatre tenu responsable des erreurs typographiques ou inexactitudes apparaissant sur le service, ou de quelque dommage subi r\u00e9sultant de son utilisation. L&rsquo;utilisateur reste responsable de son \u00e9quipement et de son utilisation, de m\u00eame il supporte seul les cons\u00e9quences directes ou indirectes suite \u00e0 sa connexion \u00e0 Internet.<\/p>\n<p>L&rsquo;utilisateur du site www.intervalphoto.fr s&rsquo;engage \u00e0\u00a0 acc\u00e9der \u00e0 celui-ci en utilisant un mat\u00e9riel r\u00e9cent, ne contenant pas de virus et avec un navigateur de derni\u00e8re g\u00e9n\u00e9ration mise \u00e0 jour.<\/p>\n<p>L&rsquo;utilisateur d\u00e9gage la responsabilit\u00e9 du propri\u00e9taire du site www.intervalphoto.fr pour tout pr\u00e9judice qu&rsquo;il pourrait subir ou faire subir, directement ou indirectement, du fait des services propos\u00e9s. Seule la responsabilit\u00e9 de l&rsquo;utilisateur est engag\u00e9e par l&rsquo;utilisation du service propos\u00e9 et celui-ci d\u00e9gage express\u00e9ment le site www.intervalphoto.fr de toute responsabilit\u00e9 vis \u00e0 vis de tiers.<\/p>\n<p>Des espaces interactifs (possibilit\u00e9 de poser des questions dans l&rsquo;espace contact) sont \u00e0 la disposition des utilisateurs. Le propri\u00e9taire du site www.intervalphoto.fr se r\u00e9serve le droit de supprimer, sans mise en demeure pr\u00e9alable, tout contenu d\u00e9pos\u00e9 dans cet espace qui ne contreviendrait pas \u00e0 la l\u00e9gislation applicable en France, en particulier aux dispositions relatives \u00e0 la protection des donn\u00e9es. Le cas \u00e9ch\u00e9ant, le propri\u00e9taire du site se r\u00e9serve \u00e9galement la possibilit\u00e9 de mettre en cause la responsabilit\u00e9 civile et\/ou p\u00e9nale de l&rsquo;utilisateur, notamment en cas de message \u00e0 caract\u00e8re raciste, injurieux, diffamant, ou pornographique, quel que soit le support utilis\u00e9 (texte, photographie&#8230;). Il est ici rappel\u00e9 que le propri\u00e9taire du site www.intervalphoto.fr garde trace de l&rsquo;adresse de messagerie et de l&rsquo;adresse IP de l&rsquo;utilisateur. En cons\u00e9quence, l&rsquo;utilisateur doit \u00eatre conscient qu&rsquo;en cas d&rsquo;injonction de l&rsquo;autorit\u00e9 judiciaire il peut \u00eatre retrouv\u00e9 et poursuivi.[\/vc_column_text][vc_column_text]<strong>5. Propri\u00e9t\u00e9 intellectuelle et contrefa\u00e7ons :<\/strong><\/p>\n<p>Le propri\u00e9taire du site est propri\u00e9taire des droits de propri\u00e9t\u00e9 intellectuelle ou d\u00e9tient les droits d&rsquo;usage sur tous les \u00e9l\u00e9ments accessibles sur le site, notamment les photographies, textes, images, graphismes, logo, ic\u00f4nes, sons, logiciels&#8230;<\/p>\n<p>Toute reproduction, repr\u00e9sentation, modification, publication, adaptation totale ou partielle des \u00e9l\u00e9ments du site, quel que soit le moyen ou le proc\u00e9d\u00e9 utilis\u00e9, est interdite, sauf autorisation \u00e9crite pr\u00e9alable \u00e0 l&rsquo;adresse de messagerie : contact@intervalphoto.fr<\/p>\n<p>Toute exploitation non autoris\u00e9e du site ou d&rsquo;un quelconque \u00e9l\u00e9ments qu&rsquo;il contient sera consid\u00e9r\u00e9e comme constitutive d&rsquo;une contrefa\u00e7on et poursuivie conform\u00e9ment aux dispositions des articles L.335-2 et suivants du Code de Propri\u00e9t\u00e9 Intellectuelle.[\/vc_column_text][vc_column_text]<strong>6. Liens hypertextes et cookies :<\/strong><\/p>\n<p>Le site www.intervalphoto.fr contient un certain nombre de liens hypertextes vers d&rsquo;autres sites (partenaires, informations&#8230;) mis en place avec l&rsquo;autorisation du propri\u00e9taire du site. Cependant, le propri\u00e9taire du site n&rsquo;a pas la possibilit\u00e9 de v\u00e9rifier le contenu des sites ainsi visit\u00e9s et d\u00e9cline donc toute responsabilit\u00e9 de ce fait quant aux risques \u00e9ventuels de contenus illicites.[\/vc_column_text][\/vc_column][\/vc_row][vc_row][vc_column][vc_row_inner][vc_column_inner width=\u00a0\u00bb1\/1&Prime;][vc_text_separator title=\u00a0\u00bbMentions relatives \u00e0 la collecte de \u00ab cookies \u00bb\u00a0\u00bb subtitle=\u00a0\u00bbwww.intervalphoto.fr\u00a0\u00bb style=\u00a0\u00bbsmall\u00a0\u00bb][\/vc_column_inner][\/vc_row_inner][vc_column_text]<strong>1. G\u00e9n\u00e9ralit\u00e9s :<\/strong><\/p>\n<p>Ce site internet poss\u00e8de un syst\u00e8me de statistiques (Google Analytics) qui permet de savoir quel mot-cl\u00e9 vous avez tap\u00e9 pour arriver ici ou bien de quel site vous venez. L&rsquo;utilisateur est inform\u00e9 que lors de ses visites sur le site www.intervalphoto.fr, un ou des cookies sont susceptibles de s&rsquo;installer automatiquement sur son ordinateur. Un cookie est un fichier de petite taille, qui ne permet pas l&rsquo;identification de l&rsquo;utilisateur, mais qui enregistre des informations relatives \u00e0 la navigation d&rsquo;un ordinateur sur un site. Les donn\u00e9es ainsi obtenues visent \u00e0 faciliter la navigation ult\u00e9rieure sur le site, et ont \u00e9galement vocation \u00c3\u00a0 permettre diverses mesures de fr\u00e9quentation.[\/vc_column_text][vc_column_text]<strong>2. Droit d&rsquo;opposition \u00e0 l&rsquo;implantation du cookie :<\/strong><\/p>\n<p>L&rsquo;utilisateur dispose de la possibilit\u00e9 de bloquer, modifier la dur\u00e9e de conservation, ou supprimer ce cookie via l&rsquo;interface de son navigateur (g\u00e9n\u00e9ralement : outils ou options \/ vie priv\u00e9e ou confidentialit\u00e9). Dans un tel cas, la navigation sur le pr\u00e9sent site ne sera pas optimis\u00e9e. Si la d\u00e9sactivation syst\u00e9matique des cookies sur le navigateur de l&rsquo;internaute l\u2019emp\u00eache d&rsquo;utiliser certains services ou fonctionnalit\u00e9s fournis par l&rsquo;\u00e9diteur, ce dysfonctionnement ne saurait en aucun cas constituer un dommage pour l&rsquo;internaute qui ne pourra pr\u00e9tendre \u00e0 aucune indemnit\u00e9 de ce fait.[\/vc_column_text][vc_column_text]<strong>3. Suppression des cookies :<\/strong><\/p>\n<p>Les internautes ont aussi la possibilit\u00c3\u00a9 de supprimer les cookies pr\u00c3\u00a9alablement pr\u00c3\u00a9sents sur leur ordinateur, en se rendant dans le menu de leur navigateur pr\u00c3\u00a9vu \u00c3\u00a0 cet effet (g\u00c3\u00a9n\u00c3\u00a9ralement, outils ou options \/ vie priv\u00c3\u00a9e ou confidentialit\u00c3\u00a9). Une telle action n\u00e2\u20ac\u2122a pas d\u00e2\u20ac\u2122incidence sur leur navigation sur le pr\u00c3\u00a9sent site, mais fait perdre aux utilisateurs tout le b\u00c3\u00a9n\u00c3\u00a9fice apport\u00c3\u00a9 par le cookie. Dans ce cas, ils devront \u00c3\u00a0 nouveau saisir toutes les informations les concernant.[\/vc_column_text][vc_column_text]<strong>4. Protection des biens et des personnes et Gestion des donn\u00e9es personnelles :<\/strong><\/p>\n<p>Utilisateur : Internaute se connectant, utilisant le site susnomm\u00e9 : <a href=\"http:\/\/www.intervalphoto.fr\" target=\"_blank\" rel=\"noopener noreferrer\">www.intervalphoto.fr<\/a><br \/>\nEn France, les donn\u00e9es personnelles sont notamment prot\u00e9g\u00e9es par la loi n\u00b0 78-87 du 6 janvier 1978, la loi n\u00b0 2004-801 du 6 ao\u00fbt 2004, l&rsquo;article L. 226-13 du Code p\u00e9nal et la Directive Europ\u00e9enne du 24 octobre 1995. Sur le site www.intervalphoto.fr, le propri\u00e9taire du site ne collecte des informations personnelles relatives \u00e0 l&rsquo;utilisateur que pour le besoin de certains services propos\u00e9s par le site www.intervalphoto.fr. L&rsquo;utilisateur fournit ces informations en toute connaissance de cause, notamment lorsqu&rsquo;il proc\u00e8de par lui-m\u00eame \u00e0 leur saisie. Il est alors pr\u00e9cis\u00e9 \u00e0 l&rsquo;utilisateur du site www.intervalphoto.fr l&rsquo;obligation ou non de fournir ces informations.<\/p>\n<p>Conform\u00e9ment aux dispositions des articles 38 et suivants de la loi 78-17 du 6 janvier 1978 relative \u00e0 l&rsquo;informatique, aux fichiers et aux libert\u00e9s, tout utilisateur dispose d&rsquo;un droit d&rsquo;acc\u00e8s, de rectification, de suppression et d&rsquo;opposition aux donn\u00e9es personnelles le concernant. Pour l&rsquo;exercer, adressez votre demande \u00e0\u00a0 <a href=\"http:\/\/www.intervalphoto.fr\" target=\"_blank\" rel=\"noopener noreferrer\">www.intervalphoto.fr<\/a> par mail ou en effectuant une demande \u00e9crite et sign\u00e9e, accompagn\u00e9e d&rsquo;une copie du titre d&rsquo;identit\u00e9 avec signature du titulaire de la pi\u00e8ce, en pr\u00e9cisant l&rsquo;adresse \u00e0 laquelle la r\u00e9ponse doit \u00eatre envoy\u00e9e.<\/p>\n<p>Aucune information personnelle de l&rsquo;utilisateur du site www.intervalphoto.fr n&rsquo;est publi\u00e9e \u00e0 l&rsquo;insu de l&rsquo;utilisateur, \u00e9chang\u00e9e, transf\u00e9r\u00e9e, c\u00e9d\u00e9e ou vendue sur un support quelconque \u00e0 des tiers. Seule l&rsquo;hypoth\u00e8se du rachat du site www.intervalphoto.fr au propri\u00e9taire du site et de ses droits permettrait la transmission des dites informations \u00e0 l&rsquo;\u00e9ventuel acqu\u00e9reur qui serait \u00e0 son tour tenu de la m\u00eame obligation de conservation et de modification des donn\u00e9es vis \u00e0 vis de l&rsquo;utilisateur du site www.intervalphoto.fr.<\/p>\n<p>Le site n&rsquo;est pas d\u00e9clar\u00e9 \u00e0 la CNIL car il ne recueille pas de donn\u00e9es personnelles. Les bases de donn\u00e9es sont prot\u00e9g\u00e9es par les dispositions de la loi du 1er juillet 1998 transposant la directive 96\/9 du 11 mars 1996 relative \u00e0 la protection juridique des bases de donn\u00e9es.[\/vc_column_text][vc_column_text]<strong>5. Droit applicable et attribution de juridiction :<\/strong><\/p>\n<p>Tout litige en relation avec l&rsquo;utilisation du site www.intervalphoto.fr est soumis au droit fran\u00e7ais. L&rsquo;utilisateur ainsi que le propri\u00e9taire du site acceptent de se soumettre \u00e0 la comp\u00e9tence exclusive du Tribunal de Commerce de Rennes (35) en cas de litige.[\/vc_column_text][\/vc_column][\/vc_row]<\/p>\n<\/div>","protected":false},"excerpt":{"rendered":"<p>[vc_row][vc_column][vc_row_inner][vc_column_inner width=\u00a0\u00bb1\/1&Prime;][vc_text_separator title=\u00a0\u00bbMENTIONS LEGALES\u00a0\u00bb subtitle=\u00a0\u00bbwww.intervalphoto.fr\u00a0\u00bb style=\u00a0\u00bbsmall\u00a0\u00bb][\/vc_column_inner][\/vc_row_inner][vc_column_text el_class=\u00a0\u00bbf\u00a0\u00bb]1. Pr\u00e9sentation du site : Conform\u00e9ment aux dispositions des articles 6-III et 19 de la Loi n\u00b0 2004-575 du 21 juin 2004 pour la Confiance dans l&rsquo;\u00e9conomie num\u00e9rique, dite L.C.E.N., il est pr\u00e9cis\u00e9 aux utilisateurs et visiteurs du site www.intervalphoto.fr les informations suivantes : Statut du propri\u00e9taire : entreprise [&hellip;]<\/p>\n","protected":false},"author":1,"featured_media":0,"parent":0,"menu_order":6,"comment_status":"closed","ping_status":"closed","template":"","meta":{"jetpack_post_was_ever_published":false,"footnotes":""},"class_list":["post-466","page","type-page","status-publish","hentry"],"yoast_head":"<!-- This site is optimized with the Yoast SEO plugin v27.4 - https:\/\/yoast.com\/product\/yoast-seo-wordpress\/ -->\n<title>Mentions l\u00e9gales, INTERVALphoto - INTERVALphoto<\/title>\n<meta name=\"description\" content=\"mentions l\u00e9gales du site www.intervalphoto.fr \u00a9INTERVALphoto\" \/>\n<meta name=\"robots\" content=\"index, follow, max-snippet:-1, max-image-preview:large, max-video-preview:-1\" \/>\n<link rel=\"canonical\" href=\"https:\/\/intervalphoto.fr\/photographe-architecture-et-industrie\/mentions-legales-interval-photo\/\" \/>\n<meta property=\"og:locale\" content=\"fr_FR\" \/>\n<meta property=\"og:type\" content=\"article\" \/>\n<meta property=\"og:title\" content=\"Mentions l\u00e9gales, INTERVALphoto - INTERVALphoto\" \/>\n<meta property=\"og:description\" content=\"mentions l\u00e9gales du site www.intervalphoto.fr \u00a9INTERVALphoto\" \/>\n<meta property=\"og:url\" content=\"https:\/\/intervalphoto.fr\/photographe-architecture-et-industrie\/mentions-legales-interval-photo\/\" \/>\n<meta property=\"og:site_name\" content=\"INTERVALphoto\" \/>\n<meta property=\"article:publisher\" content=\"https:\/\/www.facebook.com\/intervalphoto35\/\" \/>\n<meta property=\"article:modified_time\" content=\"2024-10-01T17:43:48+00:00\" \/>\n<meta name=\"twitter:card\" content=\"summary_large_image\" \/>\n<meta name=\"twitter:site\" content=\"@intervalphoto35\" \/>\n<meta name=\"twitter:label1\" content=\"Dur\u00e9e de lecture estim\u00e9e\" \/>\n\t<meta name=\"twitter:data1\" content=\"8 minutes\" \/>\n<script type=\"application\/ld+json\" class=\"yoast-schema-graph\">{\"@context\":\"https:\\\/\\\/schema.org\",\"@graph\":[{\"@type\":\"WebPage\",\"@id\":\"https:\\\/\\\/intervalphoto.fr\\\/photographe-architecture-et-industrie\\\/mentions-legales-interval-photo\\\/\",\"url\":\"https:\\\/\\\/intervalphoto.fr\\\/photographe-architecture-et-industrie\\\/mentions-legales-interval-photo\\\/\",\"name\":\"Mentions l\u00e9gales, INTERVALphoto - INTERVALphoto\",\"isPartOf\":{\"@id\":\"https:\\\/\\\/intervalphoto.fr\\\/photographe-architecture-et-industrie\\\/#website\"},\"datePublished\":\"2015-09-18T08:41:08+00:00\",\"dateModified\":\"2024-10-01T17:43:48+00:00\",\"description\":\"mentions l\u00e9gales du site www.intervalphoto.fr \u00a9INTERVALphoto\",\"breadcrumb\":{\"@id\":\"https:\\\/\\\/intervalphoto.fr\\\/photographe-architecture-et-industrie\\\/mentions-legales-interval-photo\\\/#breadcrumb\"},\"inLanguage\":\"fr-FR\",\"potentialAction\":[{\"@type\":\"ReadAction\",\"target\":[\"https:\\\/\\\/intervalphoto.fr\\\/photographe-architecture-et-industrie\\\/mentions-legales-interval-photo\\\/\"]}]},{\"@type\":\"BreadcrumbList\",\"@id\":\"https:\\\/\\\/intervalphoto.fr\\\/photographe-architecture-et-industrie\\\/mentions-legales-interval-photo\\\/#breadcrumb\",\"itemListElement\":[{\"@type\":\"ListItem\",\"position\":1,\"name\":\"Accueil\",\"item\":\"https:\\\/\\\/intervalphoto.fr\\\/photographe-architecture-et-industrie\\\/\"},{\"@type\":\"ListItem\",\"position\":2,\"name\":\"Mentions l\u00e9gales, INTERVALphoto\"}]},{\"@type\":\"WebSite\",\"@id\":\"https:\\\/\\\/intervalphoto.fr\\\/photographe-architecture-et-industrie\\\/#website\",\"url\":\"https:\\\/\\\/intervalphoto.fr\\\/photographe-architecture-et-industrie\\\/\",\"name\":\"INTERVALphoto\",\"description\":\"revealing...\",\"potentialAction\":[{\"@type\":\"SearchAction\",\"target\":{\"@type\":\"EntryPoint\",\"urlTemplate\":\"https:\\\/\\\/intervalphoto.fr\\\/photographe-architecture-et-industrie\\\/?s={search_term_string}\"},\"query-input\":{\"@type\":\"PropertyValueSpecification\",\"valueRequired\":true,\"valueName\":\"search_term_string\"}}],\"inLanguage\":\"fr-FR\"}]}<\/script>\n<!-- \/ Yoast SEO plugin. -->","yoast_head_json":{"title":"Mentions l\u00e9gales, INTERVALphoto - INTERVALphoto","description":"mentions l\u00e9gales du site www.intervalphoto.fr \u00a9INTERVALphoto","robots":{"index":"index","follow":"follow","max-snippet":"max-snippet:-1","max-image-preview":"max-image-preview:large","max-video-preview":"max-video-preview:-1"},"canonical":"https:\/\/intervalphoto.fr\/photographe-architecture-et-industrie\/mentions-legales-interval-photo\/","og_locale":"fr_FR","og_type":"article","og_title":"Mentions l\u00e9gales, INTERVALphoto - INTERVALphoto","og_description":"mentions l\u00e9gales du site www.intervalphoto.fr \u00a9INTERVALphoto","og_url":"https:\/\/intervalphoto.fr\/photographe-architecture-et-industrie\/mentions-legales-interval-photo\/","og_site_name":"INTERVALphoto","article_publisher":"https:\/\/www.facebook.com\/intervalphoto35\/","article_modified_time":"2024-10-01T17:43:48+00:00","twitter_card":"summary_large_image","twitter_site":"@intervalphoto35","twitter_misc":{"Dur\u00e9e de lecture estim\u00e9e":"8 minutes"},"schema":{"@context":"https:\/\/schema.org","@graph":[{"@type":"WebPage","@id":"https:\/\/intervalphoto.fr\/photographe-architecture-et-industrie\/mentions-legales-interval-photo\/","url":"https:\/\/intervalphoto.fr\/photographe-architecture-et-industrie\/mentions-legales-interval-photo\/","name":"Mentions l\u00e9gales, INTERVALphoto - INTERVALphoto","isPartOf":{"@id":"https:\/\/intervalphoto.fr\/photographe-architecture-et-industrie\/#website"},"datePublished":"2015-09-18T08:41:08+00:00","dateModified":"2024-10-01T17:43:48+00:00","description":"mentions l\u00e9gales du site www.intervalphoto.fr \u00a9INTERVALphoto","breadcrumb":{"@id":"https:\/\/intervalphoto.fr\/photographe-architecture-et-industrie\/mentions-legales-interval-photo\/#breadcrumb"},"inLanguage":"fr-FR","potentialAction":[{"@type":"ReadAction","target":["https:\/\/intervalphoto.fr\/photographe-architecture-et-industrie\/mentions-legales-interval-photo\/"]}]},{"@type":"BreadcrumbList","@id":"https:\/\/intervalphoto.fr\/photographe-architecture-et-industrie\/mentions-legales-interval-photo\/#breadcrumb","itemListElement":[{"@type":"ListItem","position":1,"name":"Accueil","item":"https:\/\/intervalphoto.fr\/photographe-architecture-et-industrie\/"},{"@type":"ListItem","position":2,"name":"Mentions l\u00e9gales, INTERVALphoto"}]},{"@type":"WebSite","@id":"https:\/\/intervalphoto.fr\/photographe-architecture-et-industrie\/#website","url":"https:\/\/intervalphoto.fr\/photographe-architecture-et-industrie\/","name":"INTERVALphoto","description":"revealing...","potentialAction":[{"@type":"SearchAction","target":{"@type":"EntryPoint","urlTemplate":"https:\/\/intervalphoto.fr\/photographe-architecture-et-industrie\/?s={search_term_string}"},"query-input":{"@type":"PropertyValueSpecification","valueRequired":true,"valueName":"search_term_string"}}],"inLanguage":"fr-FR"}]}},"jetpack_sharing_enabled":false,"jetpack_likes_enabled":true,"jetpack-related-posts":[],"_links":{"self":[{"href":"https:\/\/intervalphoto.fr\/photographe-architecture-et-industrie\/wp-json\/wp\/v2\/pages\/466","targetHints":{"allow":["GET"]}}],"collection":[{"href":"https:\/\/intervalphoto.fr\/photographe-architecture-et-industrie\/wp-json\/wp\/v2\/pages"}],"about":[{"href":"https:\/\/intervalphoto.fr\/photographe-architecture-et-industrie\/wp-json\/wp\/v2\/types\/page"}],"author":[{"embeddable":true,"href":"https:\/\/intervalphoto.fr\/photographe-architecture-et-industrie\/wp-json\/wp\/v2\/users\/1"}],"replies":[{"embeddable":true,"href":"https:\/\/intervalphoto.fr\/photographe-architecture-et-industrie\/wp-json\/wp\/v2\/comments?post=466"}],"version-history":[{"count":0,"href":"https:\/\/intervalphoto.fr\/photographe-architecture-et-industrie\/wp-json\/wp\/v2\/pages\/466\/revisions"}],"wp:attachment":[{"href":"https:\/\/intervalphoto.fr\/photographe-architecture-et-industrie\/wp-json\/wp\/v2\/media?parent=466"}],"curies":[{"name":"wp","href":"https:\/\/api.w.org\/{rel}","templated":true}]}}